{"id":2351,"date":"2021-12-06T11:34:43","date_gmt":"2021-12-06T10:34:43","guid":{"rendered":"https:\/\/www.loipell.com\/materiales-de-bolsos-en-piel\/"},"modified":"2021-12-06T11:35:23","modified_gmt":"2021-12-06T10:35:23","slug":"materiales-de-bolsos-en-piel","status":"publish","type":"page","link":"https:\/\/www.loipell.com\/es\/materiales-de-bolsos-en-piel\/","title":{"rendered":"Materiales de bolsos en piel"},"content":{"rendered":"\t\t<div data-elementor-type=\"wp-page\" data-elementor-id=\"2351\" class=\"elementor elementor-2351 elementor-1654\" data-elementor-post-type=\"page\">\n\t\t\t\t\t\t<section class=\"elementor-section elementor-top-section elementor-element elementor-element-4055864b elementor-section-height-min-height elementor-section-stretched elementor-section-boxed elementor-section-height-default elementor-section-items-middle\" data-id=\"4055864b\" data-element_type=\"section\" data-e-type=\"section\" data-settings=\"{&quot;stretch_section&quot;:&quot;section-stretched&quot;,&quot;background_background&quot;:&quot;classic&quot;}\">\n\t\t\t\t\t\t\t<div class=\"elementor-background-overlay\"><\/div>\n\t\t\t\t\t\t\t<div class=\"elementor-container elementor-column-gap-default\">\n\t\t\t\t\t<div class=\"elementor-column elementor-col-100 elementor-top-column elementor-element elementor-element-5c698446\" data-id=\"5c698446\" data-element_type=\"column\" data-e-type=\"column\">\n\t\t\t<div class=\"elementor-widget-wrap elementor-element-populated\">\n\t\t\t\t\t\t<div class=\"elementor-element elementor-element-4881335e elementor-widget elementor-widget-heading\" data-id=\"4881335e\" data-element_type=\"widget\" data-e-type=\"widget\" data-widget_type=\"heading.default\">\n\t\t\t\t<div class=\"elementor-widget-container\">\n\t\t\t\t\t<h1 class=\"elementor-heading-title elementor-size-default\">Materiales de bolsos en piel<\/h1>\t\t\t\t<\/div>\n\t\t\t\t<\/div>\n\t\t\t\t<div class=\"elementor-element elementor-element-1c81993 elementor-align-center elementor-hidden-mobile elementor-widget elementor-widget-breadcrumbs\" data-id=\"1c81993\" data-element_type=\"widget\" data-e-type=\"widget\" data-widget_type=\"breadcrumbs.default\">\n\t\t\t\t<div class=\"elementor-widget-container\">\n\t\t\t\t\t<p id=\"breadcrumbs\"><span><span><a href=\"https:\/\/www.loipell.com\/es\/home-es\/\">Home<\/a><\/span><\/span><\/p>\t\t\t\t<\/div>\n\t\t\t\t<\/div>\n\t\t\t\t\t<\/div>\n\t\t<\/div>\n\t\t\t\t\t<\/div>\n\t\t<\/section>\n\t\t\t\t<section class=\"elementor-section elementor-top-section elementor-element elementor-element-fbf04c5 elementor-hidden-desktop elementor-hidden-tablet elementor-section-boxed elementor-section-height-default elementor-section-height-default\" data-id=\"fbf04c5\" data-element_type=\"section\" data-e-type=\"section\" data-settings=\"{&quot;background_background&quot;:&quot;classic&quot;}\">\n\t\t\t\t\t\t<div class=\"elementor-container elementor-column-gap-default\">\n\t\t\t\t\t<div class=\"elementor-column elementor-col-100 elementor-top-column elementor-element elementor-element-64a805d\" data-id=\"64a805d\" data-element_type=\"column\" data-e-type=\"column\">\n\t\t\t<div class=\"elementor-widget-wrap elementor-element-populated\">\n\t\t\t\t\t\t<div class=\"elementor-element elementor-element-83c8f18 elementor-align-left elementor-hidden-desktop elementor-hidden-tablet elementor-widget elementor-widget-breadcrumbs\" data-id=\"83c8f18\" data-element_type=\"widget\" data-e-type=\"widget\" data-widget_type=\"breadcrumbs.default\">\n\t\t\t\t<div class=\"elementor-widget-container\">\n\t\t\t\t\t<p id=\"breadcrumbs\"><span><span><a href=\"https:\/\/www.loipell.com\/es\/home-es\/\">Home<\/a><\/span><\/span><\/p>\t\t\t\t<\/div>\n\t\t\t\t<\/div>\n\t\t\t\t\t<\/div>\n\t\t<\/div>\n\t\t\t\t\t<\/div>\n\t\t<\/section>\n\t\t\t\t<section class=\"elementor-section elementor-top-section elementor-element elementor-element-bbe1bd6 elementor-section-full_width elementor-section-stretched elementor-section-height-default elementor-section-height-default\" data-id=\"bbe1bd6\" data-element_type=\"section\" data-e-type=\"section\" data-settings=\"{&quot;stretch_section&quot;:&quot;section-stretched&quot;}\">\n\t\t\t\t\t\t<div class=\"elementor-container elementor-column-gap-default\">\n\t\t\t\t\t<div class=\"elementor-column elementor-col-33 elementor-top-column elementor-element elementor-element-78567c4\" data-id=\"78567c4\" data-element_type=\"column\" data-e-type=\"column\" data-settings=\"{&quot;background_background&quot;:&quot;classic&quot;}\">\n\t\t\t<div class=\"elementor-widget-wrap elementor-element-populated\">\n\t\t\t\t\t\t<div class=\"elementor-element elementor-element-902ca31 elementor-widget elementor-widget-heading\" data-id=\"902ca31\" data-element_type=\"widget\" data-e-type=\"widget\" data-widget_type=\"heading.default\">\n\t\t\t\t<div class=\"elementor-widget-container\">\n\t\t\t\t\t<h2 class=\"elementor-heading-title elementor-size-default\">Bolsos en piel artesanales<\/h2>\t\t\t\t<\/div>\n\t\t\t\t<\/div>\n\t\t\t\t<div class=\"elementor-element elementor-element-ad9f3ef elementor-widget-divider--view-line elementor-widget elementor-widget-divider\" data-id=\"ad9f3ef\" data-element_type=\"widget\" data-e-type=\"widget\" data-widget_type=\"divider.default\">\n\t\t\t\t<div class=\"elementor-widget-container\">\n\t\t\t\t\t\t\t<div class=\"elementor-divider\">\n\t\t\t<span class=\"elementor-divider-separator\">\n\t\t\t\t\t\t<\/span>\n\t\t<\/div>\n\t\t\t\t\t\t<\/div>\n\t\t\t\t<\/div>\n\t\t\t\t<div class=\"elementor-element elementor-element-b88090d elementor-widget elementor-widget-text-editor\" data-id=\"b88090d\" data-element_type=\"widget\" data-e-type=\"widget\" data-widget_type=\"text-editor.default\">\n\t\t\t\t<div class=\"elementor-widget-container\">\n\t\t\t\t\t\t\t\t\t<p>Cuando el cliente compra un bolso de piel artesanal que lleva el sello \u201cMade in Italy\u201d, se espera justamente una calidad alta que deriva de la t\u00e9cnica de producci\u00f3n y de la calidad de los materiales utilizados.<\/p>\n<p>Por lo tanto, es claro que la selecci\u00f3n de los materiales es la etapa m\u00e1s importante de todo el proyecto y podr\u00e1 determinar el \u00e9xito o el fracaso de tu <a href=\"https:\/\/www.loipell.com\/es\/produccion-bolsos-artesanales\/\">producci\u00f3n de bolsos<\/a> en piel.<\/p>\n\t\t\t\t\t\t\t\t<\/div>\n\t\t\t\t<\/div>\n\t\t\t\t\t<\/div>\n\t\t<\/div>\n\t\t\t\t<div class=\"elementor-column elementor-col-66 elementor-top-column elementor-element elementor-element-e21cf5f\" data-id=\"e21cf5f\" data-element_type=\"column\" data-e-type=\"column\" data-settings=\"{&quot;background_background&quot;:&quot;classic&quot;}\">\n\t\t\t<div class=\"elementor-widget-wrap elementor-element-populated\">\n\t\t\t\t\t\t<div class=\"elementor-element elementor-element-5c41f26 elementor-hidden-desktop elementor-widget elementor-widget-spacer\" data-id=\"5c41f26\" data-element_type=\"widget\" data-e-type=\"widget\" data-widget_type=\"spacer.default\">\n\t\t\t\t<div class=\"elementor-widget-container\">\n\t\t\t\t\t\t\t<div class=\"elementor-spacer\">\n\t\t\t<div class=\"elementor-spacer-inner\"><\/div>\n\t\t<\/div>\n\t\t\t\t\t\t<\/div>\n\t\t\t\t<\/div>\n\t\t\t\t\t<\/div>\n\t\t<\/div>\n\t\t\t\t\t<\/div>\n\t\t<\/section>\n\t\t\t\t<section class=\"elementor-section elementor-top-section elementor-element elementor-element-dd084cc elementor-section-full_width elementor-section-stretched elementor-reverse-tablet elementor-reverse-mobile elementor-section-height-default elementor-section-height-default\" data-id=\"dd084cc\" data-element_type=\"section\" data-e-type=\"section\" data-settings=\"{&quot;stretch_section&quot;:&quot;section-stretched&quot;}\">\n\t\t\t\t\t\t<div class=\"elementor-container elementor-column-gap-default\">\n\t\t\t\t\t<div class=\"elementor-column elementor-col-66 elementor-top-column elementor-element elementor-element-2305ccf\" data-id=\"2305ccf\" data-element_type=\"column\" data-e-type=\"column\" data-settings=\"{&quot;background_background&quot;:&quot;classic&quot;}\">\n\t\t\t<div class=\"elementor-widget-wrap elementor-element-populated\">\n\t\t\t\t\t\t<div class=\"elementor-element elementor-element-9dbbce2 elementor-hidden-desktop elementor-widget elementor-widget-spacer\" data-id=\"9dbbce2\" data-element_type=\"widget\" data-e-type=\"widget\" data-widget_type=\"spacer.default\">\n\t\t\t\t<div class=\"elementor-widget-container\">\n\t\t\t\t\t\t\t<div class=\"elementor-spacer\">\n\t\t\t<div class=\"elementor-spacer-inner\"><\/div>\n\t\t<\/div>\n\t\t\t\t\t\t<\/div>\n\t\t\t\t<\/div>\n\t\t\t\t\t<\/div>\n\t\t<\/div>\n\t\t\t\t<div class=\"elementor-column elementor-col-33 elementor-top-column elementor-element elementor-element-104108e\" data-id=\"104108e\" data-element_type=\"column\" data-e-type=\"column\" data-settings=\"{&quot;background_background&quot;:&quot;classic&quot;}\">\n\t\t\t<div class=\"elementor-widget-wrap elementor-element-populated\">\n\t\t\t\t\t\t<div class=\"elementor-element elementor-element-93c1e3f elementor-widget elementor-widget-heading\" data-id=\"93c1e3f\" data-element_type=\"widget\" data-e-type=\"widget\" data-widget_type=\"heading.default\">\n\t\t\t\t<div class=\"elementor-widget-container\">\n\t\t\t\t\t<h3 class=\"elementor-heading-title elementor-size-default\">Materiales de los bolsos<\/h3>\t\t\t\t<\/div>\n\t\t\t\t<\/div>\n\t\t\t\t<div class=\"elementor-element elementor-element-e6a4c59 elementor-widget-divider--view-line elementor-widget elementor-widget-divider\" data-id=\"e6a4c59\" data-element_type=\"widget\" data-e-type=\"widget\" data-widget_type=\"divider.default\">\n\t\t\t\t<div class=\"elementor-widget-container\">\n\t\t\t\t\t\t\t<div class=\"elementor-divider\">\n\t\t\t<span class=\"elementor-divider-separator\">\n\t\t\t\t\t\t<\/span>\n\t\t<\/div>\n\t\t\t\t\t\t<\/div>\n\t\t\t\t<\/div>\n\t\t\t\t<div class=\"elementor-element elementor-element-556e2cd elementor-widget elementor-widget-text-editor\" data-id=\"556e2cd\" data-element_type=\"widget\" data-e-type=\"widget\" data-widget_type=\"text-editor.default\">\n\t\t\t\t<div class=\"elementor-widget-container\">\n\t\t\t\t\t\t\t\t\t<p>Como peleter\u00eda, no nos limitamos a trabajar la piel tambi\u00e9n somos en grado de ayudarte a escoger los materiales justos para tus bolsos tomando en cuenta sus caracter\u00edsticas, te ayudamos a evaluar las ventajas y defectos de cada tipo de piel.<\/p>\n<p>Somos en grado de trabajar con todos los tipos de piel como napas uniformes o granadas, gamuza para externo o interno, barnizado, piel efecto potro, piel estampada y piel ex\u00f3tica.<\/p>\n\t\t\t\t\t\t\t\t<\/div>\n\t\t\t\t<\/div>\n\t\t\t\t\t<\/div>\n\t\t<\/div>\n\t\t\t\t\t<\/div>\n\t\t<\/section>\n\t\t\t\t<section class=\"elementor-section elementor-top-section elementor-element elementor-element-df1cd3d elementor-section-full_width elementor-section-stretched elementor-section-height-default elementor-section-height-default\" data-id=\"df1cd3d\" data-element_type=\"section\" data-e-type=\"section\" data-settings=\"{&quot;stretch_section&quot;:&quot;section-stretched&quot;}\">\n\t\t\t\t\t\t<div class=\"elementor-container elementor-column-gap-default\">\n\t\t\t\t\t<div class=\"elementor-column elementor-col-33 elementor-top-column elementor-element elementor-element-ad8d8cf\" data-id=\"ad8d8cf\" data-element_type=\"column\" data-e-type=\"column\" data-settings=\"{&quot;background_background&quot;:&quot;classic&quot;}\">\n\t\t\t<div class=\"elementor-widget-wrap elementor-element-populated\">\n\t\t\t\t\t\t<div class=\"elementor-element elementor-element-c09d8ef elementor-widget elementor-widget-heading\" data-id=\"c09d8ef\" data-element_type=\"widget\" data-e-type=\"widget\" data-widget_type=\"heading.default\">\n\t\t\t\t<div class=\"elementor-widget-container\">\n\t\t\t\t\t<h3 class=\"elementor-heading-title elementor-size-default\">Accesorios<\/h3>\t\t\t\t<\/div>\n\t\t\t\t<\/div>\n\t\t\t\t<div class=\"elementor-element elementor-element-905ae31 elementor-widget-divider--view-line elementor-widget elementor-widget-divider\" data-id=\"905ae31\" data-element_type=\"widget\" data-e-type=\"widget\" data-widget_type=\"divider.default\">\n\t\t\t\t<div class=\"elementor-widget-container\">\n\t\t\t\t\t\t\t<div class=\"elementor-divider\">\n\t\t\t<span class=\"elementor-divider-separator\">\n\t\t\t\t\t\t<\/span>\n\t\t<\/div>\n\t\t\t\t\t\t<\/div>\n\t\t\t\t<\/div>\n\t\t\t\t<div class=\"elementor-element elementor-element-4c1dfae elementor-widget elementor-widget-text-editor\" data-id=\"4c1dfae\" data-element_type=\"widget\" data-e-type=\"widget\" data-widget_type=\"text-editor.default\">\n\t\t\t\t<div class=\"elementor-widget-container\">\n\t\t\t\t\t\t\t\t\t<p>Adem\u00e1s de la piel, es muy importante escoger tambi\u00e9n los accesorios, porque estos pueden dar a tu bolso un toque extra que puede hacer la diferencia.<\/p>\n<p>Somos en grado de desarrollar accesorios personalizados hechos a medida y tenemos tambi\u00e9n diferentes proveedores con materiales en servicio de stock, que pueden ser ordenados en todo momento.<\/p>\n\t\t\t\t\t\t\t\t<\/div>\n\t\t\t\t<\/div>\n\t\t\t\t\t<\/div>\n\t\t<\/div>\n\t\t\t\t<div class=\"elementor-column elementor-col-66 elementor-top-column elementor-element elementor-element-5447053\" data-id=\"5447053\" data-element_type=\"column\" data-e-type=\"column\" data-settings=\"{&quot;background_background&quot;:&quot;classic&quot;}\">\n\t\t\t<div class=\"elementor-widget-wrap elementor-element-populated\">\n\t\t\t\t\t\t<div class=\"elementor-element elementor-element-773d35a elementor-hidden-desktop elementor-widget elementor-widget-spacer\" data-id=\"773d35a\" data-element_type=\"widget\" data-e-type=\"widget\" data-widget_type=\"spacer.default\">\n\t\t\t\t<div class=\"elementor-widget-container\">\n\t\t\t\t\t\t\t<div class=\"elementor-spacer\">\n\t\t\t<div class=\"elementor-spacer-inner\"><\/div>\n\t\t<\/div>\n\t\t\t\t\t\t<\/div>\n\t\t\t\t<\/div>\n\t\t\t\t\t<\/div>\n\t\t<\/div>\n\t\t\t\t\t<\/div>\n\t\t<\/section>\n\t\t\t\t<\/div>\n\t\t","protected":false},"excerpt":{"rendered":"<p>Materiales de bolsos en piel Bolsos en piel artesanales Cuando el cliente compra un bolso de piel artesanal que lleva el sello \u201cMade in Italy\u201d, se espera justamente una calidad alta que deriva de la t\u00e9cnica de producci\u00f3n y de la calidad de los materiales utilizados. Por lo tanto, es claro que la selecci\u00f3n de [&hellip;]<\/p>\n","protected":false},"author":3,"featured_media":0,"parent":0,"menu_order":0,"comment_status":"closed","ping_status":"closed","template":"","meta":{"ocean_post_layout":"","ocean_both_sidebars_style":"","ocean_both_sidebars_content_width":0,"ocean_both_sidebars_sidebars_width":0,"ocean_sidebar":"0","ocean_second_sidebar":"0","ocean_disable_margins":"enable","ocean_add_body_class":"","ocean_shortcode_before_top_bar":"","ocean_shortcode_after_top_bar":"","ocean_shortcode_before_header":"","ocean_shortcode_after_header":"","ocean_has_shortcode":"","ocean_shortcode_after_title":"","ocean_shortcode_before_footer_widgets":"","ocean_shortcode_after_footer_widgets":"","ocean_shortcode_before_footer_bottom":"","ocean_shortcode_after_footer_bottom":"","ocean_display_top_bar":"default","ocean_display_header":"default","ocean_header_style":"","ocean_center_header_left_menu":"0","ocean_custom_header_template":"0","ocean_custom_logo":0,"ocean_custom_retina_logo":0,"ocean_custom_logo_max_width":0,"ocean_custom_logo_tablet_max_width":0,"ocean_custom_logo_mobile_max_width":0,"ocean_custom_logo_max_height":0,"ocean_custom_logo_tablet_max_height":0,"ocean_custom_logo_mobile_max_height":0,"ocean_header_custom_menu":"0","ocean_menu_typo_font_family":"0","ocean_menu_typo_font_subset":"","ocean_menu_typo_font_size":0,"ocean_menu_typo_font_size_tablet":0,"ocean_menu_typo_font_size_mobile":0,"ocean_menu_typo_font_size_unit":"px","ocean_menu_typo_font_weight":"","ocean_menu_typo_font_weight_tablet":"","ocean_menu_typo_font_weight_mobile":"","ocean_menu_typo_transform":"","ocean_menu_typo_transform_tablet":"","ocean_menu_typo_transform_mobile":"","ocean_menu_typo_line_height":0,"ocean_menu_typo_line_height_tablet":0,"ocean_menu_typo_line_height_mobile":0,"ocean_menu_typo_line_height_unit":"","ocean_menu_typo_spacing":0,"ocean_menu_typo_spacing_tablet":0,"ocean_menu_typo_spacing_mobile":0,"ocean_menu_typo_spacing_unit":"","ocean_menu_link_color":"","ocean_menu_link_color_hover":"","ocean_menu_link_color_active":"","ocean_menu_link_background":"","ocean_menu_link_hover_background":"","ocean_menu_link_active_background":"","ocean_menu_social_links_bg":"","ocean_menu_social_hover_links_bg":"","ocean_menu_social_links_color":"","ocean_menu_social_hover_links_color":"","ocean_disable_title":"default","ocean_disable_heading":"default","ocean_post_title":"","ocean_post_subheading":"","ocean_post_title_style":"","ocean_post_title_background_color":"","ocean_post_title_background":0,"ocean_post_title_bg_image_position":"","ocean_post_title_bg_image_attachment":"","ocean_post_title_bg_image_repeat":"","ocean_post_title_bg_image_size":"","ocean_post_title_height":0,"ocean_post_title_bg_overlay":0.5,"ocean_post_title_bg_overlay_color":"","ocean_disable_breadcrumbs":"default","ocean_breadcrumbs_color":"","ocean_breadcrumbs_separator_color":"","ocean_breadcrumbs_links_color":"","ocean_breadcrumbs_links_hover_color":"","ocean_display_footer_widgets":"default","ocean_display_footer_bottom":"default","ocean_custom_footer_template":"0","footnotes":""},"class_list":["post-2351","page","type-page","status-publish","hentry","entry"],"yoast_head":"<!-- This site is optimized with the Yoast SEO plugin v27.3 - https:\/\/yoast.com\/product\/yoast-seo-wordpress\/ -->\n<title>Materiales de bolsos en piel | Loipell - Leather Factory<\/title>\n<meta name=\"description\" content=\"Materiales para bolsos en piel artesanales. Unas de las etapas m\u00e1s importantes en la producci\u00f3n de bolsos en piel es la selecci\u00f3n de los materiales.\" \/>\n<meta name=\"robots\" content=\"index, follow, max-snippet:-1, max-image-preview:large, max-video-preview:-1\" \/>\n<link rel=\"canonical\" href=\"https:\/\/www.loipell.com\/es\/materiales-de-bolsos-en-piel\/\" \/>\n<meta property=\"og:locale\" content=\"es_ES\" \/>\n<meta property=\"og:type\" content=\"article\" \/>\n<meta property=\"og:title\" content=\"Materiales de bolsos en piel | Loipell - Leather Factory\" \/>\n<meta property=\"og:description\" content=\"Materiales para bolsos en piel artesanales. Unas de las etapas m\u00e1s importantes en la producci\u00f3n de bolsos en piel es la selecci\u00f3n de los materiales.\" \/>\n<meta property=\"og:url\" content=\"https:\/\/www.loipell.com\/es\/materiales-de-bolsos-en-piel\/\" \/>\n<meta property=\"og:site_name\" content=\"Loipell - Leather Factory\" \/>\n<meta property=\"article:modified_time\" content=\"2021-12-06T10:35:23+00:00\" \/>\n<meta name=\"twitter:card\" content=\"summary_large_image\" \/>\n<meta name=\"twitter:label1\" content=\"Tiempo de lectura\" \/>\n\t<meta name=\"twitter:data1\" content=\"1 minuto\" \/>\n<script type=\"application\/ld+json\" class=\"yoast-schema-graph\">{\"@context\":\"https:\\\/\\\/schema.org\",\"@graph\":[{\"@type\":\"WebPage\",\"@id\":\"https:\\\/\\\/www.loipell.com\\\/es\\\/materiales-de-bolsos-en-piel\\\/\",\"url\":\"https:\\\/\\\/www.loipell.com\\\/es\\\/materiales-de-bolsos-en-piel\\\/\",\"name\":\"Materiales de bolsos en piel | Loipell - Leather Factory\",\"isPartOf\":{\"@id\":\"https:\\\/\\\/www.loipell.com\\\/es\\\/#website\"},\"datePublished\":\"2021-12-06T10:34:43+00:00\",\"dateModified\":\"2021-12-06T10:35:23+00:00\",\"description\":\"Materiales para bolsos en piel artesanales. Unas de las etapas m\u00e1s importantes en la producci\u00f3n de bolsos en piel es la selecci\u00f3n de los materiales.\",\"breadcrumb\":{\"@id\":\"https:\\\/\\\/www.loipell.com\\\/es\\\/materiales-de-bolsos-en-piel\\\/#breadcrumb\"},\"inLanguage\":\"es\",\"potentialAction\":[{\"@type\":\"ReadAction\",\"target\":[\"https:\\\/\\\/www.loipell.com\\\/es\\\/materiales-de-bolsos-en-piel\\\/\"]}]},{\"@type\":\"BreadcrumbList\",\"@id\":\"https:\\\/\\\/www.loipell.com\\\/es\\\/materiales-de-bolsos-en-piel\\\/#breadcrumb\",\"itemListElement\":[{\"@type\":\"ListItem\",\"position\":1,\"name\":\"Home\",\"item\":\"https:\\\/\\\/www.loipell.com\\\/es\\\/home-es\\\/\"},{\"@type\":\"ListItem\",\"position\":2,\"name\":\"Materiales de bolsos en piel\"}]},{\"@type\":\"WebSite\",\"@id\":\"https:\\\/\\\/www.loipell.com\\\/es\\\/#website\",\"url\":\"https:\\\/\\\/www.loipell.com\\\/es\\\/\",\"name\":\"Loipell - Leather Factory\",\"description\":\"\",\"publisher\":{\"@id\":\"https:\\\/\\\/www.loipell.com\\\/es\\\/#organization\"},\"potentialAction\":[{\"@type\":\"SearchAction\",\"target\":{\"@type\":\"EntryPoint\",\"urlTemplate\":\"https:\\\/\\\/www.loipell.com\\\/es\\\/?s={search_term_string}\"},\"query-input\":{\"@type\":\"PropertyValueSpecification\",\"valueRequired\":true,\"valueName\":\"search_term_string\"}}],\"inLanguage\":\"es\"},{\"@type\":\"Organization\",\"@id\":\"https:\\\/\\\/www.loipell.com\\\/es\\\/#organization\",\"name\":\"Loipell\",\"url\":\"https:\\\/\\\/www.loipell.com\\\/es\\\/\",\"logo\":{\"@type\":\"ImageObject\",\"inLanguage\":\"es\",\"@id\":\"https:\\\/\\\/www.loipell.com\\\/es\\\/#\\\/schema\\\/logo\\\/image\\\/\",\"url\":\"https:\\\/\\\/www.loipell.com\\\/wp-content\\\/uploads\\\/2021\\\/07\\\/Loipell.png\",\"contentUrl\":\"https:\\\/\\\/www.loipell.com\\\/wp-content\\\/uploads\\\/2021\\\/07\\\/Loipell.png\",\"width\":500,\"height\":257,\"caption\":\"Loipell\"},\"image\":{\"@id\":\"https:\\\/\\\/www.loipell.com\\\/es\\\/#\\\/schema\\\/logo\\\/image\\\/\"}}]}<\/script>\n<!-- \/ Yoast SEO plugin. -->","yoast_head_json":{"title":"Materiales de bolsos en piel | Loipell - Leather Factory","description":"Materiales para bolsos en piel artesanales. Unas de las etapas m\u00e1s importantes en la producci\u00f3n de bolsos en piel es la selecci\u00f3n de los materiales.","robots":{"index":"index","follow":"follow","max-snippet":"max-snippet:-1","max-image-preview":"max-image-preview:large","max-video-preview":"max-video-preview:-1"},"canonical":"https:\/\/www.loipell.com\/es\/materiales-de-bolsos-en-piel\/","og_locale":"es_ES","og_type":"article","og_title":"Materiales de bolsos en piel | Loipell - Leather Factory","og_description":"Materiales para bolsos en piel artesanales. Unas de las etapas m\u00e1s importantes en la producci\u00f3n de bolsos en piel es la selecci\u00f3n de los materiales.","og_url":"https:\/\/www.loipell.com\/es\/materiales-de-bolsos-en-piel\/","og_site_name":"Loipell - Leather Factory","article_modified_time":"2021-12-06T10:35:23+00:00","twitter_card":"summary_large_image","twitter_misc":{"Tiempo de lectura":"1 minuto"},"schema":{"@context":"https:\/\/schema.org","@graph":[{"@type":"WebPage","@id":"https:\/\/www.loipell.com\/es\/materiales-de-bolsos-en-piel\/","url":"https:\/\/www.loipell.com\/es\/materiales-de-bolsos-en-piel\/","name":"Materiales de bolsos en piel | Loipell - Leather Factory","isPartOf":{"@id":"https:\/\/www.loipell.com\/es\/#website"},"datePublished":"2021-12-06T10:34:43+00:00","dateModified":"2021-12-06T10:35:23+00:00","description":"Materiales para bolsos en piel artesanales. Unas de las etapas m\u00e1s importantes en la producci\u00f3n de bolsos en piel es la selecci\u00f3n de los materiales.","breadcrumb":{"@id":"https:\/\/www.loipell.com\/es\/materiales-de-bolsos-en-piel\/#breadcrumb"},"inLanguage":"es","potentialAction":[{"@type":"ReadAction","target":["https:\/\/www.loipell.com\/es\/materiales-de-bolsos-en-piel\/"]}]},{"@type":"BreadcrumbList","@id":"https:\/\/www.loipell.com\/es\/materiales-de-bolsos-en-piel\/#breadcrumb","itemListElement":[{"@type":"ListItem","position":1,"name":"Home","item":"https:\/\/www.loipell.com\/es\/home-es\/"},{"@type":"ListItem","position":2,"name":"Materiales de bolsos en piel"}]},{"@type":"WebSite","@id":"https:\/\/www.loipell.com\/es\/#website","url":"https:\/\/www.loipell.com\/es\/","name":"Loipell - Leather Factory","description":"","publisher":{"@id":"https:\/\/www.loipell.com\/es\/#organization"},"potentialAction":[{"@type":"SearchAction","target":{"@type":"EntryPoint","urlTemplate":"https:\/\/www.loipell.com\/es\/?s={search_term_string}"},"query-input":{"@type":"PropertyValueSpecification","valueRequired":true,"valueName":"search_term_string"}}],"inLanguage":"es"},{"@type":"Organization","@id":"https:\/\/www.loipell.com\/es\/#organization","name":"Loipell","url":"https:\/\/www.loipell.com\/es\/","logo":{"@type":"ImageObject","inLanguage":"es","@id":"https:\/\/www.loipell.com\/es\/#\/schema\/logo\/image\/","url":"https:\/\/www.loipell.com\/wp-content\/uploads\/2021\/07\/Loipell.png","contentUrl":"https:\/\/www.loipell.com\/wp-content\/uploads\/2021\/07\/Loipell.png","width":500,"height":257,"caption":"Loipell"},"image":{"@id":"https:\/\/www.loipell.com\/es\/#\/schema\/logo\/image\/"}}]}},"_links":{"self":[{"href":"https:\/\/www.loipell.com\/es\/wp-json\/wp\/v2\/pages\/2351","targetHints":{"allow":["GET"]}}],"collection":[{"href":"https:\/\/www.loipell.com\/es\/wp-json\/wp\/v2\/pages"}],"about":[{"href":"https:\/\/www.loipell.com\/es\/wp-json\/wp\/v2\/types\/page"}],"author":[{"embeddable":true,"href":"https:\/\/www.loipell.com\/es\/wp-json\/wp\/v2\/users\/3"}],"replies":[{"embeddable":true,"href":"https:\/\/www.loipell.com\/es\/wp-json\/wp\/v2\/comments?post=2351"}],"version-history":[{"count":3,"href":"https:\/\/www.loipell.com\/es\/wp-json\/wp\/v2\/pages\/2351\/revisions"}],"predecessor-version":[{"id":2354,"href":"https:\/\/www.loipell.com\/es\/wp-json\/wp\/v2\/pages\/2351\/revisions\/2354"}],"wp:attachment":[{"href":"https:\/\/www.loipell.com\/es\/wp-json\/wp\/v2\/media?parent=2351"}],"curies":[{"name":"wp","href":"https:\/\/api.w.org\/{rel}","templated":true}]}}