{"id":2342,"date":"2021-12-06T10:42:29","date_gmt":"2021-12-06T09:42:29","guid":{"rendered":"https:\/\/www.loipell.com\/etica-mision\/"},"modified":"2023-01-16T10:19:28","modified_gmt":"2023-01-16T09:19:28","slug":"etica-mision","status":"publish","type":"page","link":"https:\/\/www.loipell.com\/es\/etica-mision\/","title":{"rendered":"\u00c9tica &amp; Misi\u00f3n"},"content":{"rendered":"\t\t<div data-elementor-type=\"wp-page\" data-elementor-id=\"2342\" class=\"elementor elementor-2342 elementor-790\" data-elementor-post-type=\"page\">\n\t\t\t\t\t\t<section class=\"elementor-section elementor-top-section elementor-element elementor-element-6455bebf elementor-section-height-min-height elementor-section-stretched elementor-section-boxed elementor-section-height-default elementor-section-items-middle\" data-id=\"6455bebf\" data-element_type=\"section\" data-e-type=\"section\" data-settings=\"{&quot;stretch_section&quot;:&quot;section-stretched&quot;,&quot;background_background&quot;:&quot;classic&quot;}\">\n\t\t\t\t\t\t\t<div class=\"elementor-background-overlay\"><\/div>\n\t\t\t\t\t\t\t<div class=\"elementor-container elementor-column-gap-default\">\n\t\t\t\t\t<div class=\"elementor-column elementor-col-100 elementor-top-column elementor-element elementor-element-2634a13f\" data-id=\"2634a13f\" data-element_type=\"column\" data-e-type=\"column\">\n\t\t\t<div class=\"elementor-widget-wrap elementor-element-populated\">\n\t\t\t\t\t\t<div class=\"elementor-element elementor-element-533a3848 elementor-widget elementor-widget-heading\" data-id=\"533a3848\" data-element_type=\"widget\" data-e-type=\"widget\" data-widget_type=\"heading.default\">\n\t\t\t\t<div class=\"elementor-widget-container\">\n\t\t\t\t\t<h1 class=\"elementor-heading-title elementor-size-default\">\u00c9tica &amp; Misi\u00f3n<\/h1>\t\t\t\t<\/div>\n\t\t\t\t<\/div>\n\t\t\t\t<div class=\"elementor-element elementor-element-b8f2b88 elementor-align-center elementor-hidden-phone elementor-widget elementor-widget-breadcrumbs\" data-id=\"b8f2b88\" data-element_type=\"widget\" data-e-type=\"widget\" data-widget_type=\"breadcrumbs.default\">\n\t\t\t\t<div class=\"elementor-widget-container\">\n\t\t\t\t\t<p id=\"breadcrumbs\"><span><span><a href=\"https:\/\/www.loipell.com\/es\/home-es\/\">Home<\/a><\/span><\/span><\/p>\t\t\t\t<\/div>\n\t\t\t\t<\/div>\n\t\t\t\t\t<\/div>\n\t\t<\/div>\n\t\t\t\t\t<\/div>\n\t\t<\/section>\n\t\t\t\t<section class=\"elementor-section elementor-top-section elementor-element elementor-element-c5bfc37 elementor-section-boxed elementor-section-height-default elementor-section-height-default\" data-id=\"c5bfc37\" data-element_type=\"section\" data-e-type=\"section\" data-settings=\"{&quot;background_background&quot;:&quot;classic&quot;}\">\n\t\t\t\t\t\t<div class=\"elementor-container elementor-column-gap-default\">\n\t\t\t\t\t<div class=\"elementor-column elementor-col-100 elementor-top-column elementor-element elementor-element-418d8ee\" data-id=\"418d8ee\" data-element_type=\"column\" data-e-type=\"column\">\n\t\t\t<div class=\"elementor-widget-wrap elementor-element-populated\">\n\t\t\t\t\t\t<div class=\"elementor-element elementor-element-3fdbe64 elementor-align-left elementor-hidden-desktop elementor-hidden-tablet elementor-widget elementor-widget-breadcrumbs\" data-id=\"3fdbe64\" data-element_type=\"widget\" data-e-type=\"widget\" data-widget_type=\"breadcrumbs.default\">\n\t\t\t\t<div class=\"elementor-widget-container\">\n\t\t\t\t\t<p id=\"breadcrumbs\"><span><span><a href=\"https:\/\/www.loipell.com\/es\/home-es\/\">Home<\/a><\/span><\/span><\/p>\t\t\t\t<\/div>\n\t\t\t\t<\/div>\n\t\t\t\t\t<\/div>\n\t\t<\/div>\n\t\t\t\t\t<\/div>\n\t\t<\/section>\n\t\t\t\t<section class=\"elementor-section elementor-top-section elementor-element elementor-element-138ede8b elementor-section-full_width elementor-section-content-top elementor-section-stretched elementor-section-height-default elementor-section-height-default\" data-id=\"138ede8b\" data-element_type=\"section\" data-e-type=\"section\" data-settings=\"{&quot;background_background&quot;:&quot;classic&quot;,&quot;stretch_section&quot;:&quot;section-stretched&quot;}\">\n\t\t\t\t\t\t<div class=\"elementor-container elementor-column-gap-no\">\n\t\t\t\t\t<div class=\"elementor-column elementor-col-33 elementor-top-column elementor-element elementor-element-23942e17\" data-id=\"23942e17\" data-element_type=\"column\" data-e-type=\"column\">\n\t\t\t<div class=\"elementor-widget-wrap elementor-element-populated\">\n\t\t\t\t\t\t<div class=\"elementor-element elementor-element-66c07225 elementor-widget elementor-widget-heading\" data-id=\"66c07225\" data-element_type=\"widget\" data-e-type=\"widget\" data-widget_type=\"heading.default\">\n\t\t\t\t<div class=\"elementor-widget-container\">\n\t\t\t\t\t<h3 class=\"elementor-heading-title elementor-size-default\">Calidad y tradici\u00f3n del Made in Italy<\/h3>\t\t\t\t<\/div>\n\t\t\t\t<\/div>\n\t\t\t\t<div class=\"elementor-element elementor-element-541a653f elementor-widget-divider--view-line elementor-widget elementor-widget-divider\" data-id=\"541a653f\" data-element_type=\"widget\" data-e-type=\"widget\" data-widget_type=\"divider.default\">\n\t\t\t\t<div class=\"elementor-widget-container\">\n\t\t\t\t\t\t\t<div class=\"elementor-divider\">\n\t\t\t<span class=\"elementor-divider-separator\">\n\t\t\t\t\t\t<\/span>\n\t\t<\/div>\n\t\t\t\t\t\t<\/div>\n\t\t\t\t<\/div>\n\t\t\t\t<div class=\"elementor-element elementor-element-7ebf8a78 elementor-widget elementor-widget-text-editor\" data-id=\"7ebf8a78\" data-element_type=\"widget\" data-e-type=\"widget\" data-widget_type=\"text-editor.default\">\n\t\t\t\t<div class=\"elementor-widget-container\">\n\t\t\t\t\t\t\t\t\t<p>\u00c9tica, eco-sostenibilidad y Know-how hacen parte del paquete de valores che gu\u00edan el trabajo de una hacienda que pone en primer lugar el valor de las personas y el respeto por los clientes, con el objetivo de representar un punto de referencia para las haciendas del sector de la moda.<\/p>\n<p>El patrimonio de Loipell es constituido por los principios empresariales y por las personas que los llevan a cabo cuotidianamente. Por eso, el desarrollo profesional y personal de nuestro equipo son un elemento clave para el crecimiento de la hacienda.<\/p>\n\t\t\t\t\t\t\t\t<\/div>\n\t\t\t\t<\/div>\n\t\t\t\t\t<\/div>\n\t\t<\/div>\n\t\t\t\t<div class=\"elementor-column elementor-col-33 elementor-top-column elementor-element elementor-element-59ff68c3\" data-id=\"59ff68c3\" data-element_type=\"column\" data-e-type=\"column\">\n\t\t\t<div class=\"elementor-widget-wrap elementor-element-populated\">\n\t\t\t\t\t\t<div class=\"elementor-element elementor-element-4fd56bd4 elementor-widget elementor-widget-text-editor\" data-id=\"4fd56bd4\" data-element_type=\"widget\" data-e-type=\"widget\" data-widget_type=\"text-editor.default\">\n\t\t\t\t<div class=\"elementor-widget-container\">\n\t\t\t\t\t\t\t\t\t<div class=\"et_pb_column et_pb_column_4_4 et_pb_column_3 et_pb_css_mix_blend_mode_passthrough et-last-child\">\n<div class=\"et_pb_module et_pb_text et_pb_text_3 et_pb_text_align_left et_pb_bg_layout_light\">\n<div class=\"et_pb_text_inner\">El respecto por la tradici\u00f3n y la \u00e9tica, la artesan\u00eda y la capacidad de innovaci\u00f3n, el valor de nuestras personas y de su experiencia, son lo que nos permite de acompa\u00f1ar un cliente durante todo su trayecto: desde la planificaci\u00f3n hasta la decisi\u00f3n de los materiales, desde la realizaci\u00f3n del producto hasta su expedici\u00f3n.<br \/>Por cada uno de ellos cortamos y confeccionamos de manera sartorial un proyecto a medida: \u00fanico y irrepetible, conservando pasi\u00f3n y curiosidad como inspiraci\u00f3n de nuestro modo de ser y de trabajar. Un apoyo a 360\u00b0 para todos aquellos que consideran la calidad y la exclusividad del Made in Italy un valor adicional.<br \/>Conocemos el valor de la creatividad y, por esto, a todos los clientes garantizamos la m\u00e1xima confidencialidad en todos los proyectos que realizamos. Basamos constantemente nuestro trabajo su la \u00e9tica y el respeto: de las personas y del ambiente.<\/div>\n<\/div>\n<\/div>\n\t\t\t\t\t\t\t\t<\/div>\n\t\t\t\t<\/div>\n\t\t\t\t\t<\/div>\n\t\t<\/div>\n\t\t\t\t<div class=\"elementor-column elementor-col-33 elementor-top-column elementor-element elementor-element-524b3c6d\" data-id=\"524b3c6d\" data-element_type=\"column\" data-e-type=\"column\">\n\t\t\t<div class=\"elementor-widget-wrap elementor-element-populated\">\n\t\t\t\t\t\t<div class=\"elementor-element elementor-element-3bf7b5fc elementor-widget elementor-widget-image\" data-id=\"3bf7b5fc\" data-element_type=\"widget\" data-e-type=\"widget\" data-widget_type=\"image.default\">\n\t\t\t\t<div class=\"elementor-widget-container\">\n\t\t\t\t\t\t\t\t\t\t\t\t\t\t\t<img fetchpriority=\"high\" decoding=\"async\" width=\"599\" height=\"932\" src=\"https:\/\/www.loipell.com\/wp-content\/uploads\/2021\/07\/progetti-sartoriali.jpg\" class=\"attachment-full size-full wp-image-2276\" alt=\"proyectos de confecci\u00f3n\" srcset=\"https:\/\/www.loipell.com\/wp-content\/uploads\/2021\/07\/progetti-sartoriali.jpg 599w, https:\/\/www.loipell.com\/wp-content\/uploads\/2021\/07\/progetti-sartoriali-193x300.jpg 193w, https:\/\/www.loipell.com\/wp-content\/uploads\/2021\/07\/progetti-sartoriali-480x747.jpg 480w\" sizes=\"(max-width: 599px) 100vw, 599px\" \/>\t\t\t\t\t\t\t\t\t\t\t\t\t\t\t<\/div>\n\t\t\t\t<\/div>\n\t\t\t\t\t<\/div>\n\t\t<\/div>\n\t\t\t\t\t<\/div>\n\t\t<\/section>\n\t\t\t\t<\/div>\n\t\t","protected":false},"excerpt":{"rendered":"<p>\u00c9tica &amp; Misi\u00f3n Calidad y tradici\u00f3n del Made in Italy \u00c9tica, eco-sostenibilidad y Know-how hacen parte del paquete de valores che gu\u00edan el trabajo de una hacienda que pone en primer lugar el valor de las personas y el respeto por los clientes, con el objetivo de representar un punto de referencia para las haciendas [&hellip;]<\/p>\n","protected":false},"author":3,"featured_media":0,"parent":0,"menu_order":0,"comment_status":"closed","ping_status":"closed","template":"","meta":{"ocean_post_layout":"","ocean_both_sidebars_style":"","ocean_both_sidebars_content_width":0,"ocean_both_sidebars_sidebars_width":0,"ocean_sidebar":"0","ocean_second_sidebar":"0","ocean_disable_margins":"enable","ocean_add_body_class":"","ocean_shortcode_before_top_bar":"","ocean_shortcode_after_top_bar":"","ocean_shortcode_before_header":"","ocean_shortcode_after_header":"","ocean_has_shortcode":"","ocean_shortcode_after_title":"","ocean_shortcode_before_footer_widgets":"","ocean_shortcode_after_footer_widgets":"","ocean_shortcode_before_footer_bottom":"","ocean_shortcode_after_footer_bottom":"","ocean_display_top_bar":"default","ocean_display_header":"default","ocean_header_style":"","ocean_center_header_left_menu":"0","ocean_custom_header_template":"0","ocean_custom_logo":0,"ocean_custom_retina_logo":0,"ocean_custom_logo_max_width":0,"ocean_custom_logo_tablet_max_width":0,"ocean_custom_logo_mobile_max_width":0,"ocean_custom_logo_max_height":0,"ocean_custom_logo_tablet_max_height":0,"ocean_custom_logo_mobile_max_height":0,"ocean_header_custom_menu":"0","ocean_menu_typo_font_family":"0","ocean_menu_typo_font_subset":"","ocean_menu_typo_font_size":0,"ocean_menu_typo_font_size_tablet":0,"ocean_menu_typo_font_size_mobile":0,"ocean_menu_typo_font_size_unit":"px","ocean_menu_typo_font_weight":"","ocean_menu_typo_font_weight_tablet":"","ocean_menu_typo_font_weight_mobile":"","ocean_menu_typo_transform":"","ocean_menu_typo_transform_tablet":"","ocean_menu_typo_transform_mobile":"","ocean_menu_typo_line_height":0,"ocean_menu_typo_line_height_tablet":0,"ocean_menu_typo_line_height_mobile":0,"ocean_menu_typo_line_height_unit":"","ocean_menu_typo_spacing":0,"ocean_menu_typo_spacing_tablet":0,"ocean_menu_typo_spacing_mobile":0,"ocean_menu_typo_spacing_unit":"","ocean_menu_link_color":"","ocean_menu_link_color_hover":"","ocean_menu_link_color_active":"","ocean_menu_link_background":"","ocean_menu_link_hover_background":"","ocean_menu_link_active_background":"","ocean_menu_social_links_bg":"","ocean_menu_social_hover_links_bg":"","ocean_menu_social_links_color":"","ocean_menu_social_hover_links_color":"","ocean_disable_title":"default","ocean_disable_heading":"default","ocean_post_title":"","ocean_post_subheading":"","ocean_post_title_style":"","ocean_post_title_background_color":"","ocean_post_title_background":0,"ocean_post_title_bg_image_position":"","ocean_post_title_bg_image_attachment":"","ocean_post_title_bg_image_repeat":"","ocean_post_title_bg_image_size":"","ocean_post_title_height":0,"ocean_post_title_bg_overlay":0.5,"ocean_post_title_bg_overlay_color":"","ocean_disable_breadcrumbs":"default","ocean_breadcrumbs_color":"","ocean_breadcrumbs_separator_color":"","ocean_breadcrumbs_links_color":"","ocean_breadcrumbs_links_hover_color":"","ocean_display_footer_widgets":"default","ocean_display_footer_bottom":"default","ocean_custom_footer_template":"0","footnotes":""},"class_list":["post-2342","page","type-page","status-publish","hentry","entry"],"yoast_head":"<!-- This site is optimized with the Yoast SEO plugin v27.3 - https:\/\/yoast.com\/product\/yoast-seo-wordpress\/ -->\n<title>\u00c9tica &amp; Misi\u00f3n | Loipell - Leather Factory<\/title>\n<meta name=\"description\" content=\"Trabajar en modo \u00e9tico significa poner al centro de nuestra misi\u00f3n el respeto por el cliente y por el ambiente.\" \/>\n<meta name=\"robots\" content=\"index, follow, max-snippet:-1, max-image-preview:large, max-video-preview:-1\" \/>\n<link rel=\"canonical\" href=\"https:\/\/www.loipell.com\/es\/etica-mision\/\" \/>\n<meta property=\"og:locale\" content=\"es_ES\" \/>\n<meta property=\"og:type\" content=\"article\" \/>\n<meta property=\"og:title\" content=\"\u00c9tica &amp; Misi\u00f3n | Loipell - Leather Factory\" \/>\n<meta property=\"og:description\" content=\"Trabajar en modo \u00e9tico significa poner al centro de nuestra misi\u00f3n el respeto por el cliente y por el ambiente.\" \/>\n<meta property=\"og:url\" content=\"https:\/\/www.loipell.com\/es\/etica-mision\/\" \/>\n<meta property=\"og:site_name\" content=\"Loipell - Leather Factory\" \/>\n<meta property=\"article:modified_time\" content=\"2023-01-16T09:19:28+00:00\" \/>\n<meta property=\"og:image\" content=\"https:\/\/www.loipell.com\/wp-content\/uploads\/2021\/07\/progetti-sartoriali.jpg\" \/>\n<meta name=\"twitter:card\" content=\"summary_large_image\" \/>\n<meta name=\"twitter:label1\" content=\"Tiempo de lectura\" \/>\n\t<meta name=\"twitter:data1\" content=\"1 minuto\" \/>\n<script type=\"application\/ld+json\" class=\"yoast-schema-graph\">{\"@context\":\"https:\\\/\\\/schema.org\",\"@graph\":[{\"@type\":\"WebPage\",\"@id\":\"https:\\\/\\\/www.loipell.com\\\/es\\\/etica-mision\\\/\",\"url\":\"https:\\\/\\\/www.loipell.com\\\/es\\\/etica-mision\\\/\",\"name\":\"\u00c9tica &amp; Misi\u00f3n | Loipell - Leather Factory\",\"isPartOf\":{\"@id\":\"https:\\\/\\\/www.loipell.com\\\/es\\\/#website\"},\"primaryImageOfPage\":{\"@id\":\"https:\\\/\\\/www.loipell.com\\\/es\\\/etica-mision\\\/#primaryimage\"},\"image\":{\"@id\":\"https:\\\/\\\/www.loipell.com\\\/es\\\/etica-mision\\\/#primaryimage\"},\"thumbnailUrl\":\"https:\\\/\\\/www.loipell.com\\\/wp-content\\\/uploads\\\/2021\\\/07\\\/progetti-sartoriali.jpg\",\"datePublished\":\"2021-12-06T09:42:29+00:00\",\"dateModified\":\"2023-01-16T09:19:28+00:00\",\"description\":\"Trabajar en modo \u00e9tico significa poner al centro de nuestra misi\u00f3n el respeto por el cliente y por el ambiente.\",\"breadcrumb\":{\"@id\":\"https:\\\/\\\/www.loipell.com\\\/es\\\/etica-mision\\\/#breadcrumb\"},\"inLanguage\":\"es\",\"potentialAction\":[{\"@type\":\"ReadAction\",\"target\":[\"https:\\\/\\\/www.loipell.com\\\/es\\\/etica-mision\\\/\"]}]},{\"@type\":\"ImageObject\",\"inLanguage\":\"es\",\"@id\":\"https:\\\/\\\/www.loipell.com\\\/es\\\/etica-mision\\\/#primaryimage\",\"url\":\"https:\\\/\\\/www.loipell.com\\\/wp-content\\\/uploads\\\/2021\\\/07\\\/progetti-sartoriali.jpg\",\"contentUrl\":\"https:\\\/\\\/www.loipell.com\\\/wp-content\\\/uploads\\\/2021\\\/07\\\/progetti-sartoriali.jpg\"},{\"@type\":\"BreadcrumbList\",\"@id\":\"https:\\\/\\\/www.loipell.com\\\/es\\\/etica-mision\\\/#breadcrumb\",\"itemListElement\":[{\"@type\":\"ListItem\",\"position\":1,\"name\":\"Home\",\"item\":\"https:\\\/\\\/www.loipell.com\\\/es\\\/home-es\\\/\"},{\"@type\":\"ListItem\",\"position\":2,\"name\":\"\u00c9tica &amp; Misi\u00f3n\"}]},{\"@type\":\"WebSite\",\"@id\":\"https:\\\/\\\/www.loipell.com\\\/es\\\/#website\",\"url\":\"https:\\\/\\\/www.loipell.com\\\/es\\\/\",\"name\":\"Loipell - Leather Factory\",\"description\":\"\",\"publisher\":{\"@id\":\"https:\\\/\\\/www.loipell.com\\\/es\\\/#organization\"},\"potentialAction\":[{\"@type\":\"SearchAction\",\"target\":{\"@type\":\"EntryPoint\",\"urlTemplate\":\"https:\\\/\\\/www.loipell.com\\\/es\\\/?s={search_term_string}\"},\"query-input\":{\"@type\":\"PropertyValueSpecification\",\"valueRequired\":true,\"valueName\":\"search_term_string\"}}],\"inLanguage\":\"es\"},{\"@type\":\"Organization\",\"@id\":\"https:\\\/\\\/www.loipell.com\\\/es\\\/#organization\",\"name\":\"Loipell\",\"url\":\"https:\\\/\\\/www.loipell.com\\\/es\\\/\",\"logo\":{\"@type\":\"ImageObject\",\"inLanguage\":\"es\",\"@id\":\"https:\\\/\\\/www.loipell.com\\\/es\\\/#\\\/schema\\\/logo\\\/image\\\/\",\"url\":\"https:\\\/\\\/www.loipell.com\\\/wp-content\\\/uploads\\\/2021\\\/07\\\/Loipell.png\",\"contentUrl\":\"https:\\\/\\\/www.loipell.com\\\/wp-content\\\/uploads\\\/2021\\\/07\\\/Loipell.png\",\"width\":500,\"height\":257,\"caption\":\"Loipell\"},\"image\":{\"@id\":\"https:\\\/\\\/www.loipell.com\\\/es\\\/#\\\/schema\\\/logo\\\/image\\\/\"}}]}<\/script>\n<!-- \/ Yoast SEO plugin. -->","yoast_head_json":{"title":"\u00c9tica &amp; Misi\u00f3n | Loipell - Leather Factory","description":"Trabajar en modo \u00e9tico significa poner al centro de nuestra misi\u00f3n el respeto por el cliente y por el ambiente.","robots":{"index":"index","follow":"follow","max-snippet":"max-snippet:-1","max-image-preview":"max-image-preview:large","max-video-preview":"max-video-preview:-1"},"canonical":"https:\/\/www.loipell.com\/es\/etica-mision\/","og_locale":"es_ES","og_type":"article","og_title":"\u00c9tica &amp; Misi\u00f3n | Loipell - Leather Factory","og_description":"Trabajar en modo \u00e9tico significa poner al centro de nuestra misi\u00f3n el respeto por el cliente y por el ambiente.","og_url":"https:\/\/www.loipell.com\/es\/etica-mision\/","og_site_name":"Loipell - Leather Factory","article_modified_time":"2023-01-16T09:19:28+00:00","og_image":[{"url":"https:\/\/www.loipell.com\/wp-content\/uploads\/2021\/07\/progetti-sartoriali.jpg","type":"","width":"","height":""}],"twitter_card":"summary_large_image","twitter_misc":{"Tiempo de lectura":"1 minuto"},"schema":{"@context":"https:\/\/schema.org","@graph":[{"@type":"WebPage","@id":"https:\/\/www.loipell.com\/es\/etica-mision\/","url":"https:\/\/www.loipell.com\/es\/etica-mision\/","name":"\u00c9tica &amp; Misi\u00f3n | Loipell - Leather Factory","isPartOf":{"@id":"https:\/\/www.loipell.com\/es\/#website"},"primaryImageOfPage":{"@id":"https:\/\/www.loipell.com\/es\/etica-mision\/#primaryimage"},"image":{"@id":"https:\/\/www.loipell.com\/es\/etica-mision\/#primaryimage"},"thumbnailUrl":"https:\/\/www.loipell.com\/wp-content\/uploads\/2021\/07\/progetti-sartoriali.jpg","datePublished":"2021-12-06T09:42:29+00:00","dateModified":"2023-01-16T09:19:28+00:00","description":"Trabajar en modo \u00e9tico significa poner al centro de nuestra misi\u00f3n el respeto por el cliente y por el ambiente.","breadcrumb":{"@id":"https:\/\/www.loipell.com\/es\/etica-mision\/#breadcrumb"},"inLanguage":"es","potentialAction":[{"@type":"ReadAction","target":["https:\/\/www.loipell.com\/es\/etica-mision\/"]}]},{"@type":"ImageObject","inLanguage":"es","@id":"https:\/\/www.loipell.com\/es\/etica-mision\/#primaryimage","url":"https:\/\/www.loipell.com\/wp-content\/uploads\/2021\/07\/progetti-sartoriali.jpg","contentUrl":"https:\/\/www.loipell.com\/wp-content\/uploads\/2021\/07\/progetti-sartoriali.jpg"},{"@type":"BreadcrumbList","@id":"https:\/\/www.loipell.com\/es\/etica-mision\/#breadcrumb","itemListElement":[{"@type":"ListItem","position":1,"name":"Home","item":"https:\/\/www.loipell.com\/es\/home-es\/"},{"@type":"ListItem","position":2,"name":"\u00c9tica &amp; Misi\u00f3n"}]},{"@type":"WebSite","@id":"https:\/\/www.loipell.com\/es\/#website","url":"https:\/\/www.loipell.com\/es\/","name":"Loipell - Leather Factory","description":"","publisher":{"@id":"https:\/\/www.loipell.com\/es\/#organization"},"potentialAction":[{"@type":"SearchAction","target":{"@type":"EntryPoint","urlTemplate":"https:\/\/www.loipell.com\/es\/?s={search_term_string}"},"query-input":{"@type":"PropertyValueSpecification","valueRequired":true,"valueName":"search_term_string"}}],"inLanguage":"es"},{"@type":"Organization","@id":"https:\/\/www.loipell.com\/es\/#organization","name":"Loipell","url":"https:\/\/www.loipell.com\/es\/","logo":{"@type":"ImageObject","inLanguage":"es","@id":"https:\/\/www.loipell.com\/es\/#\/schema\/logo\/image\/","url":"https:\/\/www.loipell.com\/wp-content\/uploads\/2021\/07\/Loipell.png","contentUrl":"https:\/\/www.loipell.com\/wp-content\/uploads\/2021\/07\/Loipell.png","width":500,"height":257,"caption":"Loipell"},"image":{"@id":"https:\/\/www.loipell.com\/es\/#\/schema\/logo\/image\/"}}]}},"_links":{"self":[{"href":"https:\/\/www.loipell.com\/es\/wp-json\/wp\/v2\/pages\/2342","targetHints":{"allow":["GET"]}}],"collection":[{"href":"https:\/\/www.loipell.com\/es\/wp-json\/wp\/v2\/pages"}],"about":[{"href":"https:\/\/www.loipell.com\/es\/wp-json\/wp\/v2\/types\/page"}],"author":[{"embeddable":true,"href":"https:\/\/www.loipell.com\/es\/wp-json\/wp\/v2\/users\/3"}],"replies":[{"embeddable":true,"href":"https:\/\/www.loipell.com\/es\/wp-json\/wp\/v2\/comments?post=2342"}],"version-history":[{"count":1,"href":"https:\/\/www.loipell.com\/es\/wp-json\/wp\/v2\/pages\/2342\/revisions"}],"predecessor-version":[{"id":2343,"href":"https:\/\/www.loipell.com\/es\/wp-json\/wp\/v2\/pages\/2342\/revisions\/2343"}],"wp:attachment":[{"href":"https:\/\/www.loipell.com\/es\/wp-json\/wp\/v2\/media?parent=2342"}],"curies":[{"name":"wp","href":"https:\/\/api.w.org\/{rel}","templated":true}]}}